{"id":247,"date":"2024-01-18T19:04:26","date_gmt":"2024-01-18T19:04:26","guid":{"rendered":"http:\/\/lydsalonen.dk\/?page_id=247"},"modified":"2024-02-19T18:50:44","modified_gmt":"2024-02-19T18:50:44","slug":"om-lydsalonen","status":"publish","type":"page","link":"https:\/\/lydsalonen.dk\/index.php\/om-lydsalonen\/","title":{"rendered":"OM LYDSALONEN"},"content":{"rendered":"\n<p><\/p>\n\n\n\n<figure class=\"wp-block-image size-full is-resized\"><img loading=\"lazy\" decoding=\"async\" width=\"945\" height=\"210\" src=\"http:\/\/lydsalonen.dk\/wp-content\/uploads\/2024\/01\/logo-1.png\" alt=\"\" class=\"wp-image-315\" style=\"width:1198px\" srcset=\"https:\/\/lydsalonen.dk\/wp-content\/uploads\/2024\/01\/logo-1.png 945w, https:\/\/lydsalonen.dk\/wp-content\/uploads\/2024\/01\/logo-1-300x67.png 300w, https:\/\/lydsalonen.dk\/wp-content\/uploads\/2024\/01\/logo-1-768x171.png 768w\" sizes=\"auto, (max-width: 945px) 100vw, 945px\" \/><\/figure>\n\n\n\n<div class=\"wp-block-columns is-layout-flex wp-container-core-columns-is-layout-9d6595d7 wp-block-columns-is-layout-flex\">\n<div class=\"wp-block-column has-black-background-color has-background is-layout-flow wp-block-column-is-layout-flow\">\n<p class=\"has-text-align-center has-white-color has-text-color has-link-color wp-elements-f041830bc682a118a3d3f7e0b96cea0e\">VELKOMMEN TIL LYDSALONEN<br>Studiet&nbsp;<em><strong>Lydsalonen<\/strong><\/em>&nbsp;drives af undertegnede, der har mere end 10 \u00e5rs studieerfaring og mere end 15 \u00e5rs erfaring som livemusiker.&nbsp; Min hovedv\u00e6gt som instrumentalist ligger p\u00e5 instrumenterne trommer og bas og derudover kan jeg ogs\u00e5 spille p\u00e5 andre instrumenter som guitar og klaver\/keyboards. Jeg har arbejdet med b\u00e5de kopi- og originalmusik i mange \u00e5r. Ud over mit virke som privat sangskriver og komponist, har jeg v\u00e6ret aktiv som sangskriver, komponist og medarrang\u00f8r i flere forskellige professionelle og originale orkestre,, samt undervist i sammenspil p\u00e5 skoler, ungdomsskoler og specialinstitutioner. Den erfaring bruger jeg i min egenskab som producer, medproducer og mixer n\u00e5r demo- og cdindspilninger produceres i&nbsp;<em><strong>Lydsalonen<\/strong><\/em>.<\/p>\n\n\n\n<p class=\"has-text-align-center has-white-color has-text-color has-link-color wp-elements-5131366b135ff01115825e951cbeeddc\">Studiet er computerbaseret, med Cubase 5 som software. Derudover satses der p\u00e5 en bred vifte af mikrofoner og plug-ins. Sammen med&nbsp;studiets&nbsp;hardware, skal det sikre,&nbsp; at en bearbejdning af det analoge signal kan processeres i et omfang, s\u00e5 resultatet&nbsp; bliver s\u00e5 optimalt som muligt.<br><\/p>\n\n\n\n<p class=\"has-white-color has-text-color has-link-color wp-elements-c645e628e62f8fbab9d9726851472d16\"><\/p>\n\n\n\n<p class=\"has-black-background-color has-background\"><\/p>\n<\/div>\n\n\n\n<div class=\"wp-block-column is-layout-flow wp-block-column-is-layout-flow\"><div class=\"wp-block-image\">\n<figure class=\"aligncenter size-large is-resized\"><img loading=\"lazy\" decoding=\"async\" width=\"752\" height=\"1024\" src=\"http:\/\/lydsalonen.dk\/wp-content\/uploads\/2024\/01\/Kasper-Bjerg-752x1024.jpg\" alt=\"\" class=\"wp-image-98\" style=\"width:274px;height:auto\" srcset=\"https:\/\/lydsalonen.dk\/wp-content\/uploads\/2024\/01\/Kasper-Bjerg-752x1024.jpg 752w, https:\/\/lydsalonen.dk\/wp-content\/uploads\/2024\/01\/Kasper-Bjerg-220x300.jpg 220w, https:\/\/lydsalonen.dk\/wp-content\/uploads\/2024\/01\/Kasper-Bjerg-768x1046.jpg 768w, https:\/\/lydsalonen.dk\/wp-content\/uploads\/2024\/01\/Kasper-Bjerg.jpg 996w\" sizes=\"auto, (max-width: 752px) 100vw, 752px\" \/><figcaption class=\"wp-element-caption\"><strong><em>Lydsalonen<\/em><\/strong>&nbsp;skulle gerne fremtone som et kreativt milj\u00f8 der kan danne nogle hyggelige, uh\u00f8jtidelige og hjemlige rammer, som kan skabe en afslappende atmosf\u00e6re, n\u00e5r der skabes og indspilles.<br>Velkommen<br>Kasper Bjerre<\/figcaption><\/figure>\n<\/div>\n\n\n<p class=\"has-text-align-center\"><a href=\"mailto:info@lydsalonen.dk\">info@lydsalonen.dk<\/a><\/p>\n<\/div>\n<\/div>\n\n\n<div class=\"wp-block-image\">\n<figure class=\"aligncenter size-large is-resized\"><img loading=\"lazy\" decoding=\"async\" width=\"1024\" height=\"90\" src=\"http:\/\/lydsalonen.dk\/wp-content\/uploads\/2024\/02\/Untitled-100-1024x90.jpg\" alt=\"\" class=\"wp-image-544\" style=\"width:1200px\" srcset=\"https:\/\/lydsalonen.dk\/wp-content\/uploads\/2024\/02\/Untitled-100-1024x90.jpg 1024w, https:\/\/lydsalonen.dk\/wp-content\/uploads\/2024\/02\/Untitled-100-300x26.jpg 300w, https:\/\/lydsalonen.dk\/wp-content\/uploads\/2024\/02\/Untitled-100-768x68.jpg 768w, https:\/\/lydsalonen.dk\/wp-content\/uploads\/2024\/02\/Untitled-100-1536x135.jpg 1536w, https:\/\/lydsalonen.dk\/wp-content\/uploads\/2024\/02\/Untitled-100-2048x180.jpg 2048w\" sizes=\"auto, (max-width: 1024px) 100vw, 1024px\" \/><\/figure>\n<\/div>","protected":false},"excerpt":{"rendered":"<p>VELKOMMEN TIL LYDSALONENStudiet&nbsp;Lydsalonen&nbsp;drives af undertegnede, der har mere end 10 \u00e5rs studieerfaring og mere end 15 \u00e5rs erfaring som livemusiker.&nbsp;<\/p>\n","protected":false},"author":2,"featured_media":0,"parent":0,"menu_order":0,"comment_status":"closed","ping_status":"closed","template":"page_full.php","meta":{"inline_featured_image":false,"footnotes":""},"class_list":["post-247","page","type-page","status-publish","hentry"],"yoast_head":"<!-- This site is optimized with the Yoast SEO plugin v26.3 - https:\/\/yoast.com\/wordpress\/plugins\/seo\/ -->\n<title>OM LYDSALONEN - Lydsalonen.dk<\/title>\n<meta name=\"robots\" content=\"index, follow, max-snippet:-1, max-image-preview:large, max-video-preview:-1\" \/>\n<link rel=\"canonical\" href=\"https:\/\/lydsalonen.dk\/index.php\/om-lydsalonen\/\" \/>\n<meta property=\"og:locale\" content=\"da_DK\" \/>\n<meta property=\"og:type\" content=\"article\" \/>\n<meta property=\"og:title\" content=\"OM LYDSALONEN - Lydsalonen.dk\" \/>\n<meta property=\"og:description\" content=\"VELKOMMEN TIL LYDSALONENStudiet&nbsp;Lydsalonen&nbsp;drives af undertegnede, der har mere end 10 \u00e5rs studieerfaring og mere end 15 \u00e5rs erfaring som livemusiker.&nbsp;\" \/>\n<meta property=\"og:url\" content=\"https:\/\/lydsalonen.dk\/index.php\/om-lydsalonen\/\" \/>\n<meta property=\"og:site_name\" content=\"Lydsalonen.dk\" \/>\n<meta property=\"article:publisher\" content=\"https:\/\/www.facebook.com\/search\/top?q=lydsalonen\" \/>\n<meta property=\"article:modified_time\" content=\"2024-02-19T18:50:44+00:00\" \/>\n<meta property=\"og:image\" content=\"http:\/\/lydsalonen.dk\/wp-content\/uploads\/2024\/01\/logo-1.png\" \/>\n<meta name=\"twitter:card\" content=\"summary_large_image\" \/>\n<meta name=\"twitter:label1\" content=\"Estimeret l\u00e6setid\" \/>\n\t<meta name=\"twitter:data1\" content=\"2 minutter\" \/>\n<script type=\"application\/ld+json\" class=\"yoast-schema-graph\">{\"@context\":\"https:\/\/schema.org\",\"@graph\":[{\"@type\":\"WebPage\",\"@id\":\"https:\/\/lydsalonen.dk\/index.php\/om-lydsalonen\/\",\"url\":\"https:\/\/lydsalonen.dk\/index.php\/om-lydsalonen\/\",\"name\":\"OM LYDSALONEN - Lydsalonen.dk\",\"isPartOf\":{\"@id\":\"https:\/\/lydsalonen.dk\/#website\"},\"primaryImageOfPage\":{\"@id\":\"https:\/\/lydsalonen.dk\/index.php\/om-lydsalonen\/#primaryimage\"},\"image\":{\"@id\":\"https:\/\/lydsalonen.dk\/index.php\/om-lydsalonen\/#primaryimage\"},\"thumbnailUrl\":\"http:\/\/lydsalonen.dk\/wp-content\/uploads\/2024\/01\/logo-1.png\",\"datePublished\":\"2024-01-18T19:04:26+00:00\",\"dateModified\":\"2024-02-19T18:50:44+00:00\",\"breadcrumb\":{\"@id\":\"https:\/\/lydsalonen.dk\/index.php\/om-lydsalonen\/#breadcrumb\"},\"inLanguage\":\"da-DK\",\"potentialAction\":[{\"@type\":\"ReadAction\",\"target\":[\"https:\/\/lydsalonen.dk\/index.php\/om-lydsalonen\/\"]}]},{\"@type\":\"ImageObject\",\"inLanguage\":\"da-DK\",\"@id\":\"https:\/\/lydsalonen.dk\/index.php\/om-lydsalonen\/#primaryimage\",\"url\":\"https:\/\/lydsalonen.dk\/wp-content\/uploads\/2024\/01\/logo-1.png\",\"contentUrl\":\"https:\/\/lydsalonen.dk\/wp-content\/uploads\/2024\/01\/logo-1.png\",\"width\":945,\"height\":210},{\"@type\":\"BreadcrumbList\",\"@id\":\"https:\/\/lydsalonen.dk\/index.php\/om-lydsalonen\/#breadcrumb\",\"itemListElement\":[{\"@type\":\"ListItem\",\"position\":1,\"name\":\"Hjem\",\"item\":\"https:\/\/lydsalonen.dk\/\"},{\"@type\":\"ListItem\",\"position\":2,\"name\":\"OM LYDSALONEN\"}]},{\"@type\":\"WebSite\",\"@id\":\"https:\/\/lydsalonen.dk\/#website\",\"url\":\"https:\/\/lydsalonen.dk\/\",\"name\":\"Lydsalonen.dk\",\"description\":\"Et lydstudie i Randers...\",\"publisher\":{\"@id\":\"https:\/\/lydsalonen.dk\/#organization\"},\"potentialAction\":[{\"@type\":\"SearchAction\",\"target\":{\"@type\":\"EntryPoint\",\"urlTemplate\":\"https:\/\/lydsalonen.dk\/?s={search_term_string}\"},\"query-input\":{\"@type\":\"PropertyValueSpecification\",\"valueRequired\":true,\"valueName\":\"search_term_string\"}}],\"inLanguage\":\"da-DK\"},{\"@type\":\"Organization\",\"@id\":\"https:\/\/lydsalonen.dk\/#organization\",\"name\":\"Lydsalonen.dk\",\"url\":\"https:\/\/lydsalonen.dk\/\",\"logo\":{\"@type\":\"ImageObject\",\"inLanguage\":\"da-DK\",\"@id\":\"https:\/\/lydsalonen.dk\/#\/schema\/logo\/image\/\",\"url\":\"http:\/\/lydsalonen.dk\/wp-content\/uploads\/2024\/01\/logo-11.png\",\"contentUrl\":\"http:\/\/lydsalonen.dk\/wp-content\/uploads\/2024\/01\/logo-11.png\",\"width\":1672,\"height\":1680,\"caption\":\"Lydsalonen.dk\"},\"image\":{\"@id\":\"https:\/\/lydsalonen.dk\/#\/schema\/logo\/image\/\"},\"sameAs\":[\"https:\/\/www.facebook.com\/search\/top?q=lydsalonen\"]}]}<\/script>\n<!-- \/ Yoast SEO plugin. -->","yoast_head_json":{"title":"OM LYDSALONEN - Lydsalonen.dk","robots":{"index":"index","follow":"follow","max-snippet":"max-snippet:-1","max-image-preview":"max-image-preview:large","max-video-preview":"max-video-preview:-1"},"canonical":"https:\/\/lydsalonen.dk\/index.php\/om-lydsalonen\/","og_locale":"da_DK","og_type":"article","og_title":"OM LYDSALONEN - Lydsalonen.dk","og_description":"VELKOMMEN TIL LYDSALONENStudiet&nbsp;Lydsalonen&nbsp;drives af undertegnede, der har mere end 10 \u00e5rs studieerfaring og mere end 15 \u00e5rs erfaring som livemusiker.&nbsp;","og_url":"https:\/\/lydsalonen.dk\/index.php\/om-lydsalonen\/","og_site_name":"Lydsalonen.dk","article_publisher":"https:\/\/www.facebook.com\/search\/top?q=lydsalonen","article_modified_time":"2024-02-19T18:50:44+00:00","og_image":[{"url":"http:\/\/lydsalonen.dk\/wp-content\/uploads\/2024\/01\/logo-1.png","type":"","width":"","height":""}],"twitter_card":"summary_large_image","twitter_misc":{"Estimeret l\u00e6setid":"2 minutter"},"schema":{"@context":"https:\/\/schema.org","@graph":[{"@type":"WebPage","@id":"https:\/\/lydsalonen.dk\/index.php\/om-lydsalonen\/","url":"https:\/\/lydsalonen.dk\/index.php\/om-lydsalonen\/","name":"OM LYDSALONEN - Lydsalonen.dk","isPartOf":{"@id":"https:\/\/lydsalonen.dk\/#website"},"primaryImageOfPage":{"@id":"https:\/\/lydsalonen.dk\/index.php\/om-lydsalonen\/#primaryimage"},"image":{"@id":"https:\/\/lydsalonen.dk\/index.php\/om-lydsalonen\/#primaryimage"},"thumbnailUrl":"http:\/\/lydsalonen.dk\/wp-content\/uploads\/2024\/01\/logo-1.png","datePublished":"2024-01-18T19:04:26+00:00","dateModified":"2024-02-19T18:50:44+00:00","breadcrumb":{"@id":"https:\/\/lydsalonen.dk\/index.php\/om-lydsalonen\/#breadcrumb"},"inLanguage":"da-DK","potentialAction":[{"@type":"ReadAction","target":["https:\/\/lydsalonen.dk\/index.php\/om-lydsalonen\/"]}]},{"@type":"ImageObject","inLanguage":"da-DK","@id":"https:\/\/lydsalonen.dk\/index.php\/om-lydsalonen\/#primaryimage","url":"https:\/\/lydsalonen.dk\/wp-content\/uploads\/2024\/01\/logo-1.png","contentUrl":"https:\/\/lydsalonen.dk\/wp-content\/uploads\/2024\/01\/logo-1.png","width":945,"height":210},{"@type":"BreadcrumbList","@id":"https:\/\/lydsalonen.dk\/index.php\/om-lydsalonen\/#breadcrumb","itemListElement":[{"@type":"ListItem","position":1,"name":"Hjem","item":"https:\/\/lydsalonen.dk\/"},{"@type":"ListItem","position":2,"name":"OM LYDSALONEN"}]},{"@type":"WebSite","@id":"https:\/\/lydsalonen.dk\/#website","url":"https:\/\/lydsalonen.dk\/","name":"Lydsalonen.dk","description":"Et lydstudie i Randers...","publisher":{"@id":"https:\/\/lydsalonen.dk\/#organization"},"potentialAction":[{"@type":"SearchAction","target":{"@type":"EntryPoint","urlTemplate":"https:\/\/lydsalonen.dk\/?s={search_term_string}"},"query-input":{"@type":"PropertyValueSpecification","valueRequired":true,"valueName":"search_term_string"}}],"inLanguage":"da-DK"},{"@type":"Organization","@id":"https:\/\/lydsalonen.dk\/#organization","name":"Lydsalonen.dk","url":"https:\/\/lydsalonen.dk\/","logo":{"@type":"ImageObject","inLanguage":"da-DK","@id":"https:\/\/lydsalonen.dk\/#\/schema\/logo\/image\/","url":"http:\/\/lydsalonen.dk\/wp-content\/uploads\/2024\/01\/logo-11.png","contentUrl":"http:\/\/lydsalonen.dk\/wp-content\/uploads\/2024\/01\/logo-11.png","width":1672,"height":1680,"caption":"Lydsalonen.dk"},"image":{"@id":"https:\/\/lydsalonen.dk\/#\/schema\/logo\/image\/"},"sameAs":["https:\/\/www.facebook.com\/search\/top?q=lydsalonen"]}]}},"_links":{"self":[{"href":"https:\/\/lydsalonen.dk\/index.php\/wp-json\/wp\/v2\/pages\/247","targetHints":{"allow":["GET"]}}],"collection":[{"href":"https:\/\/lydsalonen.dk\/index.php\/wp-json\/wp\/v2\/pages"}],"about":[{"href":"https:\/\/lydsalonen.dk\/index.php\/wp-json\/wp\/v2\/types\/page"}],"author":[{"embeddable":true,"href":"https:\/\/lydsalonen.dk\/index.php\/wp-json\/wp\/v2\/users\/2"}],"replies":[{"embeddable":true,"href":"https:\/\/lydsalonen.dk\/index.php\/wp-json\/wp\/v2\/comments?post=247"}],"version-history":[{"count":15,"href":"https:\/\/lydsalonen.dk\/index.php\/wp-json\/wp\/v2\/pages\/247\/revisions"}],"predecessor-version":[{"id":708,"href":"https:\/\/lydsalonen.dk\/index.php\/wp-json\/wp\/v2\/pages\/247\/revisions\/708"}],"wp:attachment":[{"href":"https:\/\/lydsalonen.dk\/index.php\/wp-json\/wp\/v2\/media?parent=247"}],"curies":[{"name":"wp","href":"https:\/\/api.w.org\/{rel}","templated":true}]}}