{"id":227,"date":"2024-01-18T14:51:29","date_gmt":"2024-01-18T14:51:29","guid":{"rendered":"http:\/\/lydsalonen.dk\/?page_id=227"},"modified":"2024-02-01T15:25:32","modified_gmt":"2024-02-01T15:25:32","slug":"referencer","status":"publish","type":"page","link":"https:\/\/lydsalonen.dk\/index.php\/referencer\/","title":{"rendered":"REFERENCER"},"content":{"rendered":"<div class=\"wp-block-image\">\n<figure class=\"aligncenter size-full is-resized\"><img loading=\"lazy\" decoding=\"async\" width=\"945\" height=\"210\" src=\"http:\/\/lydsalonen.dk\/wp-content\/uploads\/2024\/01\/logo-1.png\" alt=\"\" class=\"wp-image-315\" style=\"width:1200px;height:auto\" srcset=\"https:\/\/lydsalonen.dk\/wp-content\/uploads\/2024\/01\/logo-1.png 945w, https:\/\/lydsalonen.dk\/wp-content\/uploads\/2024\/01\/logo-1-300x67.png 300w, https:\/\/lydsalonen.dk\/wp-content\/uploads\/2024\/01\/logo-1-768x171.png 768w\" sizes=\"auto, (max-width: 945px) 100vw, 945px\" \/><\/figure>\n<\/div>\n\n\n<p class=\"has-text-align-center has-white-color has-text-color has-link-color has-medium-font-size wp-elements-20d56c846d8cf5fa72c7ac619cab3c6c\">Ulvetimen har i studiet indspille en live&nbsp;EP, mens der samtidigt blev lavet en dvd af Evil Genius. Her er en bid af resultatet:<\/p>\n\n\n\n<div class=\"wp-block-columns is-layout-flex wp-container-core-columns-is-layout-9d6595d7 wp-block-columns-is-layout-flex\">\n<div class=\"wp-block-column is-layout-flow wp-block-column-is-layout-flow\">\n<figure class=\"wp-block-embed is-type-video is-provider-vimeo wp-block-embed-vimeo wp-embed-aspect-16-9 wp-has-aspect-ratio\"><div class=\"wp-block-embed__wrapper\">\n<iframe loading=\"lazy\" title=\"Ulvetimen: Velkommen\" src=\"https:\/\/player.vimeo.com\/video\/27241384?dnt=1&amp;app_id=122963\" width=\"900\" height=\"506\" frameborder=\"0\" allow=\"autoplay; fullscreen; picture-in-picture\"><\/iframe>\n<\/div><\/figure>\n<\/div>\n\n\n\n<div class=\"wp-block-column is-layout-flow wp-block-column-is-layout-flow\">\n<figure class=\"wp-block-embed is-type-video is-provider-vimeo wp-block-embed-vimeo wp-embed-aspect-16-9 wp-has-aspect-ratio\"><div class=\"wp-block-embed__wrapper\">\n<iframe loading=\"lazy\" title=\"Ulvetimen\" src=\"https:\/\/player.vimeo.com\/video\/25047605?dnt=1&amp;app_id=122963\" width=\"900\" height=\"506\" frameborder=\"0\" allow=\"autoplay; fullscreen; picture-in-picture\"><\/iframe>\n<\/div><\/figure>\n<\/div>\n\n\n\n<div class=\"wp-block-column is-layout-flow wp-block-column-is-layout-flow\">\n<figure class=\"wp-block-embed is-type-video is-provider-vimeo wp-block-embed-vimeo wp-embed-aspect-16-9 wp-has-aspect-ratio\"><div class=\"wp-block-embed__wrapper\">\n<iframe loading=\"lazy\" title=\"Ulvetimen: Kolde F\u00f8dder\" src=\"https:\/\/player.vimeo.com\/video\/27245376?dnt=1&amp;app_id=122963\" width=\"900\" height=\"506\" frameborder=\"0\" allow=\"autoplay; fullscreen; picture-in-picture\"><\/iframe>\n<\/div><\/figure>\n<\/div>\n<\/div>\n\n\n\n<p class=\"has-text-align-center has-white-color has-text-color has-link-color has-medium-font-size wp-elements-965856f6f88dfb6ce106e68756a42f96\">The Cornfeds i studiet<\/p>\n\n\n\n<hr class=\"wp-block-separator has-alpha-channel-opacity\"\/>\n\n\n\n<figure class=\"wp-block-embed aligncenter is-type-video is-provider-youtube wp-block-embed-youtube wp-embed-aspect-16-9 wp-has-aspect-ratio\"><div class=\"wp-block-embed__wrapper\">\n<iframe loading=\"lazy\" title=\"The Cornfeds   I Got A Woman Like That\" width=\"900\" height=\"506\" src=\"https:\/\/www.youtube.com\/embed\/BiDgqLvCqvM?feature=oembed\" frameborder=\"0\" allow=\"accelerometer; autoplay; clipboard-write; encrypted-media; gyroscope; picture-in-picture; web-share\" allowfullscreen><\/iframe>\n<\/div><\/figure>\n\n\n\n<div class=\"wp-block-columns is-layout-flex wp-container-core-columns-is-layout-9d6595d7 wp-block-columns-is-layout-flex\">\n<div class=\"wp-block-column is-layout-flow wp-block-column-is-layout-flow\">\n<p class=\"has-white-color has-text-color has-link-color has-medium-font-size wp-elements-78e869e6ec72a77950230f2ebd359b4a\"><strong><a href=\"http:\/\/www.postyr.nu\/\">Postyr<\/a><\/strong><\/p>\n\n\n\n<p class=\"has-white-color has-text-color has-link-color has-medium-font-size wp-elements-04270e984ab9cb1ee898a8bf0bf48a5c\"><strong><a href=\"http:\/\/www.myspace.com\/in-cage\">In Cage<\/a><\/strong><\/p>\n\n\n\n<p class=\"has-white-color has-text-color has-link-color has-medium-font-size wp-elements-790689048ae68f35363bbb4e151e57eb\"><strong><a href=\"http:\/\/www.myspace.com\/andreasbechband\" target=\"_blank\" rel=\"noreferrer noopener\"><strong>Andreas Bech Band<\/strong><\/a><\/strong><\/p>\n\n\n\n<p class=\"has-white-color has-text-color has-link-color has-medium-font-size wp-elements-7cc73cf60083fa61718f206418c1bf4d\"><a href=\"http:\/\/www.myspace.com\/80sinc\"><strong>80&#8217;s inc.<\/strong><\/a><\/p>\n\n\n\n<p class=\"has-white-color has-text-color has-link-color has-medium-font-size wp-elements-765ac800c636575338b9a14df02a190d\"><a href=\"http:\/\/rockbandet.dk\/velkommen.html\"><strong>Rockbandet.dk<\/strong><\/a><\/p>\n\n\n\n<p class=\"has-white-color has-text-color has-link-color has-medium-font-size wp-elements-397fa285dda6291d7127024d1d4c539a\"><strong>Freaksband<\/strong><\/p>\n\n\n\n<p class=\"has-white-color has-text-color has-link-color has-medium-font-size wp-elements-977b3d370d94ef8818b4bfdf461f57f6\"><a href=\"http:\/\/www.motownexperience.dk\/\"><strong>The Motown Experince<\/strong><\/a><\/p>\n\n\n\n<p class=\"has-white-color has-text-color has-link-color has-medium-font-size wp-elements-a3973342b7a5dfe4ceaafa0cff6ddf79\"><strong>Norfolk<\/strong><\/p>\n\n\n\n<p class=\"has-white-color has-text-color has-link-color has-medium-font-size wp-elements-bfb31ed8d7f109e0f3dd3f26cf745378\"><strong><a href=\"http:\/\/www.psalmodie.dk\/\">Psalmodie<\/a><\/strong><\/p>\n\n\n\n<p class=\"has-cyan-bluish-gray-color has-text-color has-link-color has-medium-font-size wp-elements-bc246a5309e404fe1317985b4c684b52\"><\/p>\n\n\n\n<p><\/p>\n\n\n\n<p><\/p>\n<\/div>\n\n\n\n<div class=\"wp-block-column is-layout-flow wp-block-column-is-layout-flow\">\n<p class=\"has-white-color has-text-color has-link-color has-medium-font-size wp-elements-56e4f278bd1a357e4a7cbc34f7c380dc\"><a href=\"http:\/\/www.myspace.com\/jaybeezfunkclub\"><strong>JayBeez Funk Club<\/strong><\/a><\/p>\n\n\n\n<p class=\"has-white-color has-text-color has-link-color has-medium-font-size wp-elements-d49fa511107533832f5873f5579e83b0\"><a href=\"http:\/\/www.rohdesroedder.dk\/\"><strong>Rohdes R\u00f8dder<\/strong><\/a><\/p>\n\n\n\n<p class=\"has-white-color has-text-color has-link-color has-medium-font-size wp-elements-f90e80b7a4f6b914779bc3d691cafaa4\"><strong>Second Round<\/strong><\/p>\n\n\n\n<p class=\"has-white-color has-text-color has-link-color has-medium-font-size wp-elements-7155a60dd7a0cdba2f4ae3def3596e3d\"><strong>Swingende Kvalitet<\/strong><\/p>\n\n\n\n<p class=\"has-white-color has-text-color has-link-color has-medium-font-size wp-elements-b01641fa39d00941cf1374987623f287\"><a href=\"http:\/\/www.klezmorkester.dk\/\"><strong>Klezmorkester<\/strong><\/a><\/p>\n\n\n\n<p class=\"has-white-color has-text-color has-link-color has-medium-font-size wp-elements-617f90bf7665e01212a4b5d80edfe882\"><strong><a href=\"http:\/\/www.totaltirsdag.dk\/\">Total Tirsdag<\/a>&nbsp;(+ b\u00f8rnecancerfonden)<\/strong><\/p>\n\n\n\n<p class=\"has-white-color has-text-color has-link-color has-medium-font-size wp-elements-a3a4aea091dacf0c279c91b4edcf1202\"><strong>Maria Gaden<\/strong><\/p>\n\n\n\n<p class=\"has-white-color has-text-color has-link-color has-medium-font-size wp-elements-d32c925f9617c8006dc6507079695d4f\"><a href=\"http:\/\/www.deswaerekaaaal.dk\/\"><strong>De Sw\u00e6re K\u00e5\u00e5l<\/strong><\/a><\/p>\n\n\n\n<p class=\"has-white-color has-text-color has-link-color wp-elements-c645e628e62f8fbab9d9726851472d16\"><\/p>\n<\/div>\n\n\n\n<div class=\"wp-block-column is-layout-flow wp-block-column-is-layout-flow\">\n<p class=\"has-white-color has-text-color has-link-color has-medium-font-size wp-elements-44b4445860ad0a2753f85b9f22fc3c7d\"><strong>The Snowmen<\/strong><\/p>\n\n\n\n<p class=\"has-white-color has-text-color has-link-color has-medium-font-size wp-elements-389f232b6daaa9005fb6fc66abe9c231\"><strong>Buhelt<\/strong><\/p>\n\n\n\n<p class=\"has-white-color has-text-color has-link-color has-medium-font-size wp-elements-34f943a22c8af80504145255466cff70\"><strong><a href=\"http:\/\/allanfolmer.dk\/\" target=\"_blank\" rel=\"noreferrer noopener\">Allan Folmer<\/a><\/strong><\/p>\n\n\n\n<p class=\"has-white-color has-text-color has-link-color has-medium-font-size wp-elements-c4e35ee3391919ef8ecfdd483e93fcbf\"><strong>The Ulli<\/strong><\/p>\n\n\n\n<p class=\"has-white-color has-text-color has-link-color has-medium-font-size wp-elements-0d1533c9de2f9cfee0bde6a59866470b\"><a href=\"http:\/\/www.myspace.com\/lonelyboot\"><strong>Mr. Jumpthump<\/strong><\/a><\/p>\n\n\n\n<p class=\"has-white-color has-text-color has-link-color has-medium-font-size wp-elements-9408c8cf90dd8d194534ca11911b954d\"><strong>Copylation<\/strong><\/p>\n\n\n\n<p class=\"has-white-color has-text-color has-link-color has-medium-font-size wp-elements-0723cb93732f2e525dfad17d659d466f\"><strong><a href=\"https:\/\/soundcloud.com\/anders-bergh-l-drup\" target=\"_blank\" rel=\"noreferrer noopener\">Anders Bergh L\u00f8drup<\/a><\/strong><\/p>\n\n\n\n<p class=\"has-white-color has-text-color has-link-color has-medium-font-size wp-elements-d5b961d4518977e33600841fcd1d7093\"><strong>Plus Studio<\/strong><\/p>\n\n\n\n<p class=\"has-white-color has-text-color has-link-color has-medium-font-size wp-elements-1b1a535d2cd30ec3af977b1c56ca7281\"><a href=\"http:\/\/www.bandportalen.dk\/#airplay_p\"><strong>Airplay<\/strong><\/a><\/p>\n<\/div>\n<\/div>\n\n\n<div class=\"wp-block-image\">\n<figure class=\"aligncenter size-large is-resized\"><img loading=\"lazy\" decoding=\"async\" width=\"1024\" height=\"90\" src=\"http:\/\/lydsalonen.dk\/wp-content\/uploads\/2024\/02\/Untitled-100-1024x90.jpg\" alt=\"\" class=\"wp-image-544\" style=\"width:1200px\" srcset=\"https:\/\/lydsalonen.dk\/wp-content\/uploads\/2024\/02\/Untitled-100-1024x90.jpg 1024w, https:\/\/lydsalonen.dk\/wp-content\/uploads\/2024\/02\/Untitled-100-300x26.jpg 300w, https:\/\/lydsalonen.dk\/wp-content\/uploads\/2024\/02\/Untitled-100-768x68.jpg 768w, https:\/\/lydsalonen.dk\/wp-content\/uploads\/2024\/02\/Untitled-100-1536x135.jpg 1536w, https:\/\/lydsalonen.dk\/wp-content\/uploads\/2024\/02\/Untitled-100-2048x180.jpg 2048w\" sizes=\"auto, (max-width: 1024px) 100vw, 1024px\" \/><\/figure>\n<\/div>","protected":false},"excerpt":{"rendered":"<p>Ulvetimen har i studiet indspille en live&nbsp;EP, mens der samtidigt blev lavet en dvd af Evil Genius. Her er en<\/p>\n","protected":false},"author":2,"featured_media":0,"parent":0,"menu_order":0,"comment_status":"closed","ping_status":"closed","template":"page_full.php","meta":{"inline_featured_image":false,"footnotes":""},"class_list":["post-227","page","type-page","status-publish","hentry"],"yoast_head":"<!-- This site is optimized with the Yoast SEO plugin v26.3 - https:\/\/yoast.com\/wordpress\/plugins\/seo\/ -->\n<title>REFERENCER - Lydsalonen.dk<\/title>\n<meta name=\"robots\" content=\"index, follow, max-snippet:-1, max-image-preview:large, max-video-preview:-1\" \/>\n<link rel=\"canonical\" href=\"https:\/\/lydsalonen.dk\/index.php\/referencer\/\" \/>\n<meta property=\"og:locale\" content=\"da_DK\" \/>\n<meta property=\"og:type\" content=\"article\" \/>\n<meta property=\"og:title\" content=\"REFERENCER - Lydsalonen.dk\" \/>\n<meta property=\"og:description\" content=\"Ulvetimen har i studiet indspille en live&nbsp;EP, mens der samtidigt blev lavet en dvd af Evil Genius. Her er en\" \/>\n<meta property=\"og:url\" content=\"https:\/\/lydsalonen.dk\/index.php\/referencer\/\" \/>\n<meta property=\"og:site_name\" content=\"Lydsalonen.dk\" \/>\n<meta property=\"article:publisher\" content=\"https:\/\/www.facebook.com\/search\/top?q=lydsalonen\" \/>\n<meta property=\"article:modified_time\" content=\"2024-02-01T15:25:32+00:00\" \/>\n<meta property=\"og:image\" content=\"http:\/\/lydsalonen.dk\/wp-content\/uploads\/2024\/01\/logo-1.png\" \/>\n<meta name=\"twitter:card\" content=\"summary_large_image\" \/>\n<meta name=\"twitter:label1\" content=\"Estimeret l\u00e6setid\" \/>\n\t<meta name=\"twitter:data1\" content=\"1 minut\" \/>\n<script type=\"application\/ld+json\" class=\"yoast-schema-graph\">{\"@context\":\"https:\/\/schema.org\",\"@graph\":[{\"@type\":\"WebPage\",\"@id\":\"https:\/\/lydsalonen.dk\/index.php\/referencer\/\",\"url\":\"https:\/\/lydsalonen.dk\/index.php\/referencer\/\",\"name\":\"REFERENCER - Lydsalonen.dk\",\"isPartOf\":{\"@id\":\"https:\/\/lydsalonen.dk\/#website\"},\"primaryImageOfPage\":{\"@id\":\"https:\/\/lydsalonen.dk\/index.php\/referencer\/#primaryimage\"},\"image\":{\"@id\":\"https:\/\/lydsalonen.dk\/index.php\/referencer\/#primaryimage\"},\"thumbnailUrl\":\"http:\/\/lydsalonen.dk\/wp-content\/uploads\/2024\/01\/logo-1.png\",\"datePublished\":\"2024-01-18T14:51:29+00:00\",\"dateModified\":\"2024-02-01T15:25:32+00:00\",\"breadcrumb\":{\"@id\":\"https:\/\/lydsalonen.dk\/index.php\/referencer\/#breadcrumb\"},\"inLanguage\":\"da-DK\",\"potentialAction\":[{\"@type\":\"ReadAction\",\"target\":[\"https:\/\/lydsalonen.dk\/index.php\/referencer\/\"]}]},{\"@type\":\"ImageObject\",\"inLanguage\":\"da-DK\",\"@id\":\"https:\/\/lydsalonen.dk\/index.php\/referencer\/#primaryimage\",\"url\":\"https:\/\/lydsalonen.dk\/wp-content\/uploads\/2024\/01\/logo-1.png\",\"contentUrl\":\"https:\/\/lydsalonen.dk\/wp-content\/uploads\/2024\/01\/logo-1.png\",\"width\":945,\"height\":210},{\"@type\":\"BreadcrumbList\",\"@id\":\"https:\/\/lydsalonen.dk\/index.php\/referencer\/#breadcrumb\",\"itemListElement\":[{\"@type\":\"ListItem\",\"position\":1,\"name\":\"Hjem\",\"item\":\"https:\/\/lydsalonen.dk\/\"},{\"@type\":\"ListItem\",\"position\":2,\"name\":\"REFERENCER\"}]},{\"@type\":\"WebSite\",\"@id\":\"https:\/\/lydsalonen.dk\/#website\",\"url\":\"https:\/\/lydsalonen.dk\/\",\"name\":\"Lydsalonen.dk\",\"description\":\"Et lydstudie i Randers...\",\"publisher\":{\"@id\":\"https:\/\/lydsalonen.dk\/#organization\"},\"potentialAction\":[{\"@type\":\"SearchAction\",\"target\":{\"@type\":\"EntryPoint\",\"urlTemplate\":\"https:\/\/lydsalonen.dk\/?s={search_term_string}\"},\"query-input\":{\"@type\":\"PropertyValueSpecification\",\"valueRequired\":true,\"valueName\":\"search_term_string\"}}],\"inLanguage\":\"da-DK\"},{\"@type\":\"Organization\",\"@id\":\"https:\/\/lydsalonen.dk\/#organization\",\"name\":\"Lydsalonen.dk\",\"url\":\"https:\/\/lydsalonen.dk\/\",\"logo\":{\"@type\":\"ImageObject\",\"inLanguage\":\"da-DK\",\"@id\":\"https:\/\/lydsalonen.dk\/#\/schema\/logo\/image\/\",\"url\":\"http:\/\/lydsalonen.dk\/wp-content\/uploads\/2024\/01\/logo-11.png\",\"contentUrl\":\"http:\/\/lydsalonen.dk\/wp-content\/uploads\/2024\/01\/logo-11.png\",\"width\":1672,\"height\":1680,\"caption\":\"Lydsalonen.dk\"},\"image\":{\"@id\":\"https:\/\/lydsalonen.dk\/#\/schema\/logo\/image\/\"},\"sameAs\":[\"https:\/\/www.facebook.com\/search\/top?q=lydsalonen\"]}]}<\/script>\n<!-- \/ Yoast SEO plugin. -->","yoast_head_json":{"title":"REFERENCER - Lydsalonen.dk","robots":{"index":"index","follow":"follow","max-snippet":"max-snippet:-1","max-image-preview":"max-image-preview:large","max-video-preview":"max-video-preview:-1"},"canonical":"https:\/\/lydsalonen.dk\/index.php\/referencer\/","og_locale":"da_DK","og_type":"article","og_title":"REFERENCER - Lydsalonen.dk","og_description":"Ulvetimen har i studiet indspille en live&nbsp;EP, mens der samtidigt blev lavet en dvd af Evil Genius. Her er en","og_url":"https:\/\/lydsalonen.dk\/index.php\/referencer\/","og_site_name":"Lydsalonen.dk","article_publisher":"https:\/\/www.facebook.com\/search\/top?q=lydsalonen","article_modified_time":"2024-02-01T15:25:32+00:00","og_image":[{"url":"http:\/\/lydsalonen.dk\/wp-content\/uploads\/2024\/01\/logo-1.png","type":"","width":"","height":""}],"twitter_card":"summary_large_image","twitter_misc":{"Estimeret l\u00e6setid":"1 minut"},"schema":{"@context":"https:\/\/schema.org","@graph":[{"@type":"WebPage","@id":"https:\/\/lydsalonen.dk\/index.php\/referencer\/","url":"https:\/\/lydsalonen.dk\/index.php\/referencer\/","name":"REFERENCER - Lydsalonen.dk","isPartOf":{"@id":"https:\/\/lydsalonen.dk\/#website"},"primaryImageOfPage":{"@id":"https:\/\/lydsalonen.dk\/index.php\/referencer\/#primaryimage"},"image":{"@id":"https:\/\/lydsalonen.dk\/index.php\/referencer\/#primaryimage"},"thumbnailUrl":"http:\/\/lydsalonen.dk\/wp-content\/uploads\/2024\/01\/logo-1.png","datePublished":"2024-01-18T14:51:29+00:00","dateModified":"2024-02-01T15:25:32+00:00","breadcrumb":{"@id":"https:\/\/lydsalonen.dk\/index.php\/referencer\/#breadcrumb"},"inLanguage":"da-DK","potentialAction":[{"@type":"ReadAction","target":["https:\/\/lydsalonen.dk\/index.php\/referencer\/"]}]},{"@type":"ImageObject","inLanguage":"da-DK","@id":"https:\/\/lydsalonen.dk\/index.php\/referencer\/#primaryimage","url":"https:\/\/lydsalonen.dk\/wp-content\/uploads\/2024\/01\/logo-1.png","contentUrl":"https:\/\/lydsalonen.dk\/wp-content\/uploads\/2024\/01\/logo-1.png","width":945,"height":210},{"@type":"BreadcrumbList","@id":"https:\/\/lydsalonen.dk\/index.php\/referencer\/#breadcrumb","itemListElement":[{"@type":"ListItem","position":1,"name":"Hjem","item":"https:\/\/lydsalonen.dk\/"},{"@type":"ListItem","position":2,"name":"REFERENCER"}]},{"@type":"WebSite","@id":"https:\/\/lydsalonen.dk\/#website","url":"https:\/\/lydsalonen.dk\/","name":"Lydsalonen.dk","description":"Et lydstudie i Randers...","publisher":{"@id":"https:\/\/lydsalonen.dk\/#organization"},"potentialAction":[{"@type":"SearchAction","target":{"@type":"EntryPoint","urlTemplate":"https:\/\/lydsalonen.dk\/?s={search_term_string}"},"query-input":{"@type":"PropertyValueSpecification","valueRequired":true,"valueName":"search_term_string"}}],"inLanguage":"da-DK"},{"@type":"Organization","@id":"https:\/\/lydsalonen.dk\/#organization","name":"Lydsalonen.dk","url":"https:\/\/lydsalonen.dk\/","logo":{"@type":"ImageObject","inLanguage":"da-DK","@id":"https:\/\/lydsalonen.dk\/#\/schema\/logo\/image\/","url":"http:\/\/lydsalonen.dk\/wp-content\/uploads\/2024\/01\/logo-11.png","contentUrl":"http:\/\/lydsalonen.dk\/wp-content\/uploads\/2024\/01\/logo-11.png","width":1672,"height":1680,"caption":"Lydsalonen.dk"},"image":{"@id":"https:\/\/lydsalonen.dk\/#\/schema\/logo\/image\/"},"sameAs":["https:\/\/www.facebook.com\/search\/top?q=lydsalonen"]}]}},"_links":{"self":[{"href":"https:\/\/lydsalonen.dk\/index.php\/wp-json\/wp\/v2\/pages\/227","targetHints":{"allow":["GET"]}}],"collection":[{"href":"https:\/\/lydsalonen.dk\/index.php\/wp-json\/wp\/v2\/pages"}],"about":[{"href":"https:\/\/lydsalonen.dk\/index.php\/wp-json\/wp\/v2\/types\/page"}],"author":[{"embeddable":true,"href":"https:\/\/lydsalonen.dk\/index.php\/wp-json\/wp\/v2\/users\/2"}],"replies":[{"embeddable":true,"href":"https:\/\/lydsalonen.dk\/index.php\/wp-json\/wp\/v2\/comments?post=227"}],"version-history":[{"count":15,"href":"https:\/\/lydsalonen.dk\/index.php\/wp-json\/wp\/v2\/pages\/227\/revisions"}],"predecessor-version":[{"id":550,"href":"https:\/\/lydsalonen.dk\/index.php\/wp-json\/wp\/v2\/pages\/227\/revisions\/550"}],"wp:attachment":[{"href":"https:\/\/lydsalonen.dk\/index.php\/wp-json\/wp\/v2\/media?parent=227"}],"curies":[{"name":"wp","href":"https:\/\/api.w.org\/{rel}","templated":true}]}}